{"id":503,"date":"2025-06-26T07:50:01","date_gmt":"2025-06-26T07:50:01","guid":{"rendered":"https:\/\/duchi-istituzionale.promoservicebeta.com\/?page_id=503"},"modified":"2025-07-14T13:12:06","modified_gmt":"2025-07-14T13:12:06","slug":"duchi","status":"publish","type":"page","link":"https:\/\/duchigroup.it\/it\/duchi\/","title":{"rendered":"Duchi"},"content":{"rendered":"\t\t<div data-elementor-type=\"wp-page\" data-elementor-id=\"503\" class=\"elementor elementor-503\" data-elementor-post-type=\"page\">\n\t\t\t\t<div class=\"elementor-element elementor-element-0107d23 e-flex e-con-boxed e-con e-parent\" data-id=\"0107d23\" data-element_type=\"container\" data-e-type=\"container\" data-settings=\"{&quot;background_background&quot;:&quot;classic&quot;}\">\n\t\t\t\t\t<div class=\"e-con-inner\">\n\t\t\t\t<div class=\"elementor-element elementor-element-ff8724b gold elementor-widget elementor-widget-heading\" data-id=\"ff8724b\" data-element_type=\"widget\" data-e-type=\"widget\" data-widget_type=\"heading.default\">\n\t\t\t\t<div class=\"elementor-widget-container\">\n\t\t\t\t\t<h2 class=\"elementor-heading-title elementor-size-default\">Il mondo Duchi: ospitalit\u00e0, vino ed <br>eccellenza italiana<\/h2>\t\t\t\t<\/div>\n\t\t\t\t<\/div>\n\t\t\t\t<div class=\"elementor-element elementor-element-5a7ca94 elementor-widget__width-initial elementor-widget elementor-widget-text-editor\" data-id=\"5a7ca94\" data-element_type=\"widget\" data-e-type=\"widget\" data-widget_type=\"text-editor.default\">\n\t\t\t\t<div class=\"elementor-widget-container\">\n\t\t\t\t\t\t\t\t\t<p>Il Gruppo Duchi \u00e8 un insieme armonico di <strong>realt\u00e0 imprenditoriali<\/strong> che operano nei settori <strong>dell\u2019ospitalit\u00e0<\/strong> di alta gamma, <strong>della ristorazione<\/strong> d\u2019autore e <strong>della produzione vitivinicola.<\/strong><br \/>Guidato da una visione familiare e manageriale allo stesso tempo, il gruppo si distingue per l&#8217;eccellenza del servizio, la valorizzazione del territorio e uno stile riconoscibile fondato su qualit\u00e0, eleganza e autenticit\u00e0.<\/p>\t\t\t\t\t\t\t\t<\/div>\n\t\t\t\t<\/div>\n\t\t\t\t<div class=\"elementor-element elementor-element-3c63c93 elementor-absolute logo-duchi elementor-invisible elementor-widget elementor-widget-image\" data-id=\"3c63c93\" data-element_type=\"widget\" data-e-type=\"widget\" data-settings=\"{&quot;_position&quot;:&quot;absolute&quot;,&quot;_animation&quot;:&quot;fadeInRight&quot;}\" data-widget_type=\"image.default\">\n\t\t\t\t<div class=\"elementor-widget-container\">\n\t\t\t\t\t\t\t\t\t\t\t\t\t\t\t<img fetchpriority=\"high\" decoding=\"async\" width=\"214\" height=\"404\" src=\"https:\/\/duchigroup.it\/wp-content\/uploads\/2025\/06\/Logo-duchi.png\" class=\"attachment-full size-full wp-image-259\" alt=\"\" srcset=\"https:\/\/duchigroup.it\/wp-content\/uploads\/2025\/06\/Logo-duchi.png 214w, https:\/\/duchigroup.it\/wp-content\/uploads\/2025\/06\/Logo-duchi-159x300.png 159w\" sizes=\"(max-width: 214px) 100vw, 214px\" \/>\t\t\t\t\t\t\t\t\t\t\t\t\t\t\t<\/div>\n\t\t\t\t<\/div>\n\t\t\t\t\t<\/div>\n\t\t\t\t<\/div>\n\t\t<div class=\"elementor-element elementor-element-9467772 e-flex e-con-boxed e-con e-parent\" data-id=\"9467772\" data-element_type=\"container\" data-e-type=\"container\">\n\t\t\t\t\t<div class=\"e-con-inner\">\n\t\t\t\t<div class=\"elementor-element elementor-element-b6b88d9 gold elementor-widget elementor-widget-heading\" data-id=\"b6b88d9\" data-element_type=\"widget\" data-e-type=\"widget\" data-widget_type=\"heading.default\">\n\t\t\t\t<div class=\"elementor-widget-container\">\n\t\t\t\t\t<h2 class=\"elementor-heading-title elementor-size-default\">Le nostre realt\u00e0<\/h2>\t\t\t\t<\/div>\n\t\t\t\t<\/div>\n\t\t\t\t<div class=\"elementor-element elementor-element-526954e elementor-widget elementor-widget-shortcode\" data-id=\"526954e\" data-element_type=\"widget\" data-e-type=\"widget\" data-widget_type=\"shortcode.default\">\n\t\t\t\t<div class=\"elementor-widget-container\">\n\t\t\t\t\t\t\t<div class=\"elementor-shortcode\">    <div class=\"slider-container\" id=\"slider-1\">\n        <div class=\"slides\">\n                                <div class=\"slide-item\">\n                        <h2 class=\"slide-title\">Hospitality - Artur S.r.l.<\/h2>\n                        <div class=\"slide-description\"><p>L&#8217;ospitalit\u00e0 firmata Duchi si esprime attraverso hotel e tenute esclusive, dove ogni dettaglio \u00e8 pensato per il <strong>benessere degli ospiti.<\/strong><\/p>\n<\/div>\n                                                <a href=\"https:\/\/duchigroup.it\/it\/le-strutture\/\" class=\"slide-button\">\n                            SCOPRI LE STRUTTURE                        <\/a>\n                    <\/div>\n                                    <div class=\"slide-item\">\n                        <h2 class=\"slide-title\">Ristorazione - Artur S.r.l.<\/h2>\n                        <div class=\"slide-description\"><p>La proposta gastronomica del gruppo valorizza i <strong>sapori autentici della tradizione italiana<\/strong> con un tocco di creativit\u00e0 contemporanea.<\/p>\n<\/div>\n                                                <a href=\"https:\/\/duchigroup.it\/it\/ristoranti\/\" class=\"slide-button\">\n                            VIAGGIO NEI SAPORI                        <\/a>\n                    <\/div>\n                                    <div class=\"slide-item\">\n                        <h2 class=\"slide-title\">Wine & Winery - Arvin S.r.l<\/h2>\n                        <div class=\"slide-description\"><p>Un legame profondo tra <strong>terra e vino<\/strong>, con una produzione che unisce tradizione, innovazione e rispetto per l\u2019ambiente.<\/p>\n<\/div>\n                                                <a href=\"https:\/\/duchiwinery.it\/\" class=\"slide-button\" target=\"_blank\" rel=\"noopener noreferrer\">\n                            VISITA LA CANTINA                        <\/a>\n                    <\/div>\n                                    <\/div>\n        \n        <div class=\"slider-images\">\n                                <img decoding=\"async\" src=\"https:\/\/duchigroup.it\/wp-content\/uploads\/2025\/07\/Eleganza-e-Comfort-con-Vista-Panoramica.webp\" alt=\"Salotto moderno con vista sulle colline\" class=\"slide-image\">\n                                    <img decoding=\"async\" src=\"https:\/\/duchigroup.it\/wp-content\/uploads\/2025\/07\/Piatto-gourmet-al-sole-dItalia.webp\" alt=\"Eccellente piatto gourmet italiano\" class=\"slide-image\">\n                                    <img decoding=\"async\" src=\"https:\/\/duchigroup.it\/wp-content\/uploads\/2025\/07\/Scintillante-Bottiglia-di-Vino-tra-Viti.webp\" alt=\"Bottiglia di vino tra le viti\" class=\"slide-image\">\n                                    <\/div>\n    <\/div>\n\n\n<style>\n.slider-container {\n    display: flex;\n    flex-direction: row;\n    gap: 55px;\n    justify-content: space-between;\n}\n.slider-images {\n    width: 100%;\n    display: flex;\n    flex-direction: column;\n}\n.slide-item {\n    padding: 15px;\n    border-radius: 8px;\n    margin-bottom: 10px;\n    cursor: pointer;\n    transition: all 0.3s ease;\n}\n.slide-item .slide-title {\n    font-size: 1.6rem;\n    font-weight: bold;\n    margin-bottom: 20px !important;\n    color: #b9b9b9 !important;\n}\n.slide-item.active .slide-title  {\n    font-size: 1.6rem;\n    font-weight: bold;\n    margin-bottom: 20px !important;\n    color: #465957 !important;\n}\n.slide-description, .slide-button {\n    display: none;\n}\n.slide-item.active .slide-description,\n.slide-item.active .slide-button {\n    display: block;\n}\n.slide-item.active {\n    padding-bottom: 30px;\n}\n.slider-images {\n    width: 50%;\n    display: flex;\n    flex-direction: column;\n}\n.slide-image {\n    width: 100%;\n    height: 550px !important;\n    display: none;\n    object-fit: cover;\n}\n.slide-image.active {\n    display: block;\n}\n.slider-container p {\n    font-size: 1.2rem;\n    color: #777;\n    text-align: center;\n}\n.slides {\n    width: 50%;\n    display: flex;\n    flex-direction: column;\n    justify-content: center;\n}\n.slide-description p {\n    text-align: left;\n}\na.slide-button {\n    width: fit-content;\n    text-transform: uppercase;\n    text-decoration-line: underline !important;\n    text-decoration-thickness: 2px;\n    text-underline-offset: 4px;\n    text-decoration-color: var(--color-green);\n    margin-top: 20px !important;\n    font-weight: 600 !important;\n}\n@media(max-width: 768px){\n    .slider-container {\n        display: flex;\n        flex-direction: column;\n        gap: 20px;\n        justify-content: space-between;\n    }\n    .slides {\n        width: 100%;\n    }\n    .slider-images {\n        width: 100%;\n    }\n    .slide-item {\n        padding: 0px;\n        margin-bottom: 5px;\n    }\n    .slide-image {\n        height: 420px !important;\n    }\n}\n<\/style>\n\n\n<script>\ndocument.addEventListener('DOMContentLoaded', function() {\n    const sliderContainers = document.querySelectorAll('.slider-container');\n\n    sliderContainers.forEach(sliderContainer => {\n        const slides = sliderContainer.querySelectorAll('.slide-item');\n        const images = sliderContainer.querySelectorAll('.slide-image');\n\n        if (slides.length > 0) {\n            slides[0].classList.add('active');\n            images[0].classList.add('active');\n        }\n\n        slides.forEach((slide, index) => {\n            slide.addEventListener('click', function() {\n                slides.forEach(s => s.classList.remove('active'));\n                images.forEach(img => img.classList.remove('active'));\n\n                slide.classList.add('active');\n                images[index].classList.add('active');\n            });\n        });\n    });\n});\n<\/script><\/div>\n\t\t\t\t\t\t<\/div>\n\t\t\t\t<\/div>\n\t\t\t\t\t<\/div>\n\t\t\t\t<\/div>\n\t\t<div class=\"elementor-element elementor-element-2aca8f1 e-flex e-con-boxed e-con e-parent\" data-id=\"2aca8f1\" data-element_type=\"container\" data-e-type=\"container\" data-settings=\"{&quot;background_background&quot;:&quot;classic&quot;}\">\n\t\t\t\t\t<div class=\"e-con-inner\">\n\t\t<div class=\"elementor-element elementor-element-851a58d e-con-full e-flex e-con e-child\" data-id=\"851a58d\" data-element_type=\"container\" data-e-type=\"container\">\n\t\t\t\t<div class=\"elementor-element elementor-element-82ead85 elementor-widget elementor-widget-image\" data-id=\"82ead85\" data-element_type=\"widget\" data-e-type=\"widget\" data-widget_type=\"image.default\">\n\t\t\t\t<div class=\"elementor-widget-container\">\n\t\t\t\t\t\t\t\t\t\t\t\t\t\t\t<img decoding=\"async\" width=\"768\" height=\"722\" src=\"https:\/\/duchigroup.it\/wp-content\/uploads\/2025\/07\/Elegante-emblema-della-Duchi-Group.png\" class=\"attachment-full size-full wp-image-824\" alt=\"Emblema oro Duchi Group\" srcset=\"https:\/\/duchigroup.it\/wp-content\/uploads\/2025\/07\/Elegante-emblema-della-Duchi-Group.png 768w, https:\/\/duchigroup.it\/wp-content\/uploads\/2025\/07\/Elegante-emblema-della-Duchi-Group-300x282.png 300w\" sizes=\"(max-width: 768px) 100vw, 768px\" \/>\t\t\t\t\t\t\t\t\t\t\t\t\t\t\t<\/div>\n\t\t\t\t<\/div>\n\t\t\t\t<\/div>\n\t\t<div class=\"elementor-element elementor-element-cc2376c e-con-full e-flex elementor-invisible e-con e-child\" data-id=\"cc2376c\" data-element_type=\"container\" data-e-type=\"container\" data-settings=\"{&quot;animation&quot;:&quot;fadeInRight&quot;}\">\n\t\t\t\t<div class=\"elementor-element elementor-element-94f87bb elementor-widget elementor-widget-heading\" data-id=\"94f87bb\" data-element_type=\"widget\" data-e-type=\"widget\" data-widget_type=\"heading.default\">\n\t\t\t\t<div class=\"elementor-widget-container\">\n\t\t\t\t\t<h2 class=\"elementor-heading-title elementor-size-default\">Un\u2019identit\u00e0 condivisa, una<br> visione che guarda lontano<\/h2>\t\t\t\t<\/div>\n\t\t\t\t<\/div>\n\t\t\t\t<div class=\"elementor-element elementor-element-9d2a140 light-brown elementor-widget elementor-widget-text-editor\" data-id=\"9d2a140\" data-element_type=\"widget\" data-e-type=\"widget\" data-widget_type=\"text-editor.default\">\n\t\t\t\t<div class=\"elementor-widget-container\">\n\t\t\t\t\t\t\t\t\t<p>Alla base del Gruppo Duchi c\u2019\u00e8 una visione imprenditoriale solida ma capace di evolversi nel tempo.<br \/><strong>Artech S.p.A.<\/strong>, holding del gruppo, insieme alle societ\u00e0 operative <strong>Arvin S.r.l. e Artur S.r.l.<\/strong>, coordina con attenzione ogni realt\u00e0, favorendo <strong>sinergie, innovazione e crescita sostenibile.<\/strong><br \/>Ma il cuore pulsante resta un\u2019idea semplice e potente: <strong>creare esperienze autentiche, che lascino il segno.<\/strong><\/p>\t\t\t\t\t\t\t\t<\/div>\n\t\t\t\t<\/div>\n\t\t\t\t<\/div>\n\t\t\t\t\t<\/div>\n\t\t\t\t<\/div>\n\t\t\t\t<\/div>\n\t\t","protected":false},"excerpt":{"rendered":"<p>Il mondo Duchi: ospitalit\u00e0, vino ed eccellenza italiana Il Gruppo Duchi \u00e8 un insieme armonico di realt\u00e0 imprenditoriali che operano nei settori dell\u2019ospitalit\u00e0 di alta gamma, della ristorazione d\u2019autore e della produzione vitivinicola.Guidato da una visione familiare e manageriale allo stesso tempo, il gruppo si distingue per l&#8217;eccellenza del servizio, la valorizzazione del territorio e [&hellip;]<\/p>\n","protected":false},"author":1,"featured_media":821,"parent":0,"menu_order":0,"comment_status":"closed","ping_status":"closed","template":"","meta":{"_acf_changed":false,"footnotes":""},"class_list":["post-503","page","type-page","status-publish","has-post-thumbnail","hentry"],"acf":[],"yoast_head":"<!-- This site is optimized with the Yoast SEO plugin v25.4 - https:\/\/yoast.com\/wordpress\/plugins\/seo\/ -->\n<title>Duchi - Duchi Group<\/title>\n<meta name=\"description\" content=\"Duchi Duchi Group\" \/>\n<meta name=\"robots\" content=\"index, follow, max-snippet:-1, max-image-preview:large, max-video-preview:-1\" \/>\n<link rel=\"canonical\" href=\"https:\/\/duchigroup.it\/it\/duchi\/\" \/>\n<meta property=\"og:locale\" content=\"it_IT\" \/>\n<meta property=\"og:type\" content=\"article\" \/>\n<meta property=\"og:title\" content=\"Duchi - Duchi Group\" \/>\n<meta property=\"og:description\" content=\"Duchi Duchi Group\" \/>\n<meta property=\"og:url\" content=\"https:\/\/duchigroup.it\/it\/duchi\/\" \/>\n<meta property=\"og:site_name\" content=\"Duchi Group\" \/>\n<meta property=\"article:modified_time\" content=\"2025-07-14T13:12:06+00:00\" \/>\n<meta property=\"og:image\" content=\"https:\/\/duchigroup.it\/wp-content\/uploads\/2025\/07\/Navigare-tra-natura-e-lusso-alla-Duchi-Group.webp\" \/>\n\t<meta property=\"og:image:width\" content=\"1920\" \/>\n\t<meta property=\"og:image:height\" content=\"1080\" \/>\n\t<meta property=\"og:image:type\" content=\"image\/webp\" \/>\n<meta name=\"twitter:card\" content=\"summary_large_image\" \/>\n<meta name=\"twitter:label1\" content=\"Tempo di lettura stimato\" \/>\n\t<meta name=\"twitter:data1\" content=\"2 minuti\" \/>\n<script type=\"application\/ld+json\" class=\"yoast-schema-graph\">{\"@context\":\"https:\/\/schema.org\",\"@graph\":[{\"@type\":\"WebPage\",\"@id\":\"https:\/\/duchigroup.it\/it\/duchi\/\",\"url\":\"https:\/\/duchigroup.it\/it\/duchi\/\",\"name\":\"Duchi - Duchi Group\",\"isPartOf\":{\"@id\":\"https:\/\/duchigroup.it\/it\/#website\"},\"primaryImageOfPage\":{\"@id\":\"https:\/\/duchigroup.it\/it\/duchi\/#primaryimage\"},\"image\":{\"@id\":\"https:\/\/duchigroup.it\/it\/duchi\/#primaryimage\"},\"thumbnailUrl\":\"https:\/\/duchigroup.it\/wp-content\/uploads\/2025\/07\/Navigare-tra-natura-e-lusso-alla-Duchi-Group.webp\",\"datePublished\":\"2025-06-26T07:50:01+00:00\",\"dateModified\":\"2025-07-14T13:12:06+00:00\",\"description\":\"Duchi Duchi Group\",\"breadcrumb\":{\"@id\":\"https:\/\/duchigroup.it\/it\/duchi\/#breadcrumb\"},\"inLanguage\":\"it-IT\",\"potentialAction\":[{\"@type\":\"ReadAction\",\"target\":[\"https:\/\/duchigroup.it\/it\/duchi\/\"]}]},{\"@type\":\"ImageObject\",\"inLanguage\":\"it-IT\",\"@id\":\"https:\/\/duchigroup.it\/it\/duchi\/#primaryimage\",\"url\":\"https:\/\/duchigroup.it\/wp-content\/uploads\/2025\/07\/Navigare-tra-natura-e-lusso-alla-Duchi-Group.webp\",\"contentUrl\":\"https:\/\/duchigroup.it\/wp-content\/uploads\/2025\/07\/Navigare-tra-natura-e-lusso-alla-Duchi-Group.webp\",\"width\":1920,\"height\":1080,\"caption\":\"Navigare tra natura e lusso alla Duchi Group\"},{\"@type\":\"BreadcrumbList\",\"@id\":\"https:\/\/duchigroup.it\/it\/duchi\/#breadcrumb\",\"itemListElement\":[{\"@type\":\"ListItem\",\"position\":1,\"name\":\"Home\",\"item\":\"https:\/\/duchigroup.it\/it\/\"},{\"@type\":\"ListItem\",\"position\":2,\"name\":\"Duchi\"}]},{\"@type\":\"WebSite\",\"@id\":\"https:\/\/duchigroup.it\/it\/#website\",\"url\":\"https:\/\/duchigroup.it\/it\/\",\"name\":\"Duchi Group\",\"description\":\"\",\"publisher\":{\"@id\":\"https:\/\/duchigroup.it\/it\/#organization\"},\"potentialAction\":[{\"@type\":\"SearchAction\",\"target\":{\"@type\":\"EntryPoint\",\"urlTemplate\":\"https:\/\/duchigroup.it\/it\/?s={search_term_string}\"},\"query-input\":{\"@type\":\"PropertyValueSpecification\",\"valueRequired\":true,\"valueName\":\"search_term_string\"}}],\"inLanguage\":\"it-IT\"},{\"@type\":\"Organization\",\"@id\":\"https:\/\/duchigroup.it\/it\/#organization\",\"name\":\"Duchi Group\",\"url\":\"https:\/\/duchigroup.it\/it\/\",\"logo\":{\"@type\":\"ImageObject\",\"inLanguage\":\"it-IT\",\"@id\":\"https:\/\/duchigroup.it\/it\/#\/schema\/logo\/image\/\",\"url\":\"https:\/\/duchigroup.it\/wp-content\/uploads\/2025\/06\/Logo-DUCHI-GROUP-TR-1.png\",\"contentUrl\":\"https:\/\/duchigroup.it\/wp-content\/uploads\/2025\/06\/Logo-DUCHI-GROUP-TR-1.png\",\"width\":180,\"height\":170,\"caption\":\"Duchi Group\"},\"image\":{\"@id\":\"https:\/\/duchigroup.it\/it\/#\/schema\/logo\/image\/\"}}]}<\/script>\n<!-- \/ Yoast SEO plugin. -->","yoast_head_json":{"title":"Duchi - Duchi Group","description":"Duchi Duchi Group","robots":{"index":"index","follow":"follow","max-snippet":"max-snippet:-1","max-image-preview":"max-image-preview:large","max-video-preview":"max-video-preview:-1"},"canonical":"https:\/\/duchigroup.it\/it\/duchi\/","og_locale":"it_IT","og_type":"article","og_title":"Duchi - Duchi Group","og_description":"Duchi Duchi Group","og_url":"https:\/\/duchigroup.it\/it\/duchi\/","og_site_name":"Duchi Group","article_modified_time":"2025-07-14T13:12:06+00:00","og_image":[{"width":1920,"height":1080,"url":"https:\/\/duchigroup.it\/wp-content\/uploads\/2025\/07\/Navigare-tra-natura-e-lusso-alla-Duchi-Group.webp","type":"image\/webp"}],"twitter_card":"summary_large_image","twitter_misc":{"Tempo di lettura stimato":"2 minuti"},"schema":{"@context":"https:\/\/schema.org","@graph":[{"@type":"WebPage","@id":"https:\/\/duchigroup.it\/it\/duchi\/","url":"https:\/\/duchigroup.it\/it\/duchi\/","name":"Duchi - Duchi Group","isPartOf":{"@id":"https:\/\/duchigroup.it\/it\/#website"},"primaryImageOfPage":{"@id":"https:\/\/duchigroup.it\/it\/duchi\/#primaryimage"},"image":{"@id":"https:\/\/duchigroup.it\/it\/duchi\/#primaryimage"},"thumbnailUrl":"https:\/\/duchigroup.it\/wp-content\/uploads\/2025\/07\/Navigare-tra-natura-e-lusso-alla-Duchi-Group.webp","datePublished":"2025-06-26T07:50:01+00:00","dateModified":"2025-07-14T13:12:06+00:00","description":"Duchi Duchi Group","breadcrumb":{"@id":"https:\/\/duchigroup.it\/it\/duchi\/#breadcrumb"},"inLanguage":"it-IT","potentialAction":[{"@type":"ReadAction","target":["https:\/\/duchigroup.it\/it\/duchi\/"]}]},{"@type":"ImageObject","inLanguage":"it-IT","@id":"https:\/\/duchigroup.it\/it\/duchi\/#primaryimage","url":"https:\/\/duchigroup.it\/wp-content\/uploads\/2025\/07\/Navigare-tra-natura-e-lusso-alla-Duchi-Group.webp","contentUrl":"https:\/\/duchigroup.it\/wp-content\/uploads\/2025\/07\/Navigare-tra-natura-e-lusso-alla-Duchi-Group.webp","width":1920,"height":1080,"caption":"Navigare tra natura e lusso alla Duchi Group"},{"@type":"BreadcrumbList","@id":"https:\/\/duchigroup.it\/it\/duchi\/#breadcrumb","itemListElement":[{"@type":"ListItem","position":1,"name":"Home","item":"https:\/\/duchigroup.it\/it\/"},{"@type":"ListItem","position":2,"name":"Duchi"}]},{"@type":"WebSite","@id":"https:\/\/duchigroup.it\/it\/#website","url":"https:\/\/duchigroup.it\/it\/","name":"Duchi Group","description":"","publisher":{"@id":"https:\/\/duchigroup.it\/it\/#organization"},"potentialAction":[{"@type":"SearchAction","target":{"@type":"EntryPoint","urlTemplate":"https:\/\/duchigroup.it\/it\/?s={search_term_string}"},"query-input":{"@type":"PropertyValueSpecification","valueRequired":true,"valueName":"search_term_string"}}],"inLanguage":"it-IT"},{"@type":"Organization","@id":"https:\/\/duchigroup.it\/it\/#organization","name":"Duchi Group","url":"https:\/\/duchigroup.it\/it\/","logo":{"@type":"ImageObject","inLanguage":"it-IT","@id":"https:\/\/duchigroup.it\/it\/#\/schema\/logo\/image\/","url":"https:\/\/duchigroup.it\/wp-content\/uploads\/2025\/06\/Logo-DUCHI-GROUP-TR-1.png","contentUrl":"https:\/\/duchigroup.it\/wp-content\/uploads\/2025\/06\/Logo-DUCHI-GROUP-TR-1.png","width":180,"height":170,"caption":"Duchi Group"},"image":{"@id":"https:\/\/duchigroup.it\/it\/#\/schema\/logo\/image\/"}}]}},"_links":{"self":[{"href":"https:\/\/duchigroup.it\/it\/wp-json\/wp\/v2\/pages\/503","targetHints":{"allow":["GET"]}}],"collection":[{"href":"https:\/\/duchigroup.it\/it\/wp-json\/wp\/v2\/pages"}],"about":[{"href":"https:\/\/duchigroup.it\/it\/wp-json\/wp\/v2\/types\/page"}],"author":[{"embeddable":true,"href":"https:\/\/duchigroup.it\/it\/wp-json\/wp\/v2\/users\/1"}],"replies":[{"embeddable":true,"href":"https:\/\/duchigroup.it\/it\/wp-json\/wp\/v2\/comments?post=503"}],"version-history":[{"count":0,"href":"https:\/\/duchigroup.it\/it\/wp-json\/wp\/v2\/pages\/503\/revisions"}],"wp:featuredmedia":[{"embeddable":true,"href":"https:\/\/duchigroup.it\/it\/wp-json\/wp\/v2\/media\/821"}],"wp:attachment":[{"href":"https:\/\/duchigroup.it\/it\/wp-json\/wp\/v2\/media?parent=503"}],"curies":[{"name":"wp","href":"https:\/\/api.w.org\/{rel}","templated":true}]}}