{"id":1066,"date":"2025-06-25T12:38:57","date_gmt":"2025-06-25T12:38:57","guid":{"rendered":"https:\/\/duchi-istituzionale.promoservicebeta.com\/restaurants\/"},"modified":"2026-04-10T13:51:05","modified_gmt":"2026-04-10T13:51:05","slug":"restaurants","status":"publish","type":"page","link":"https:\/\/duchigroup.it\/de\/restaurants\/","title":{"rendered":"Restaurants"},"content":{"rendered":"\t\t<div data-elementor-type=\"wp-page\" data-elementor-id=\"1066\" class=\"elementor elementor-1066 elementor-407\" data-elementor-post-type=\"page\">\n\t\t\t\t<div class=\"elementor-element elementor-element-0f8688e e-flex e-con-boxed e-con e-parent\" data-id=\"0f8688e\" data-element_type=\"container\" data-e-type=\"container\" data-settings=\"{&quot;background_background&quot;:&quot;classic&quot;}\">\n\t\t\t\t\t<div class=\"e-con-inner\">\n\t\t\t\t<div class=\"elementor-element elementor-element-2b1e107 gold elementor-widget elementor-widget-heading\" data-id=\"2b1e107\" data-element_type=\"widget\" data-e-type=\"widget\" data-widget_type=\"heading.default\">\n\t\t\t\t<div class=\"elementor-widget-container\">\n\t\t\t\t\t<h2 class=\"elementor-heading-title elementor-size-default\">Farben, Geschm\u00e4cker und D\u00fcfte<\/h2>\t\t\t\t<\/div>\n\t\t\t\t<\/div>\n\t\t\t\t<div class=\"elementor-element elementor-element-e4a2458 elementor-widget__width-initial elementor-widget elementor-widget-text-editor\" data-id=\"e4a2458\" data-element_type=\"widget\" data-e-type=\"widget\" data-widget_type=\"text-editor.default\">\n\t\t\t\t<div class=\"elementor-widget-container\">\n\t\t\t\t\t\t\t\t\t<p>Die K\u00fcche der Duchi-Restaurants ist eine Reise zwischen Geschmack, \u00c4sthetik und Territorium.<br>Ausgew\u00e4hlte Zutaten, Kreativit\u00e4t und Technik vereinen sich zu <b>gastronomischen Erlebnissen<\/b>, die von <b>Meer<\/b>, <b>Land<\/b> und <b>Leidenschaft<\/b> f\u00fcr Exzellenz sprechen. Jedes Gericht ist eine Hommage an die Sch\u00f6nheit und Vielfalt unserer Region. <\/p>\t\t\t\t\t\t\t\t<\/div>\n\t\t\t\t<\/div>\n\t\t\t\t<div class=\"elementor-element elementor-element-3d2ecbe elementor-absolute logo-duchi elementor-invisible elementor-widget elementor-widget-image\" data-id=\"3d2ecbe\" data-element_type=\"widget\" data-e-type=\"widget\" data-settings=\"{&quot;_position&quot;:&quot;absolute&quot;,&quot;_animation&quot;:&quot;fadeInRight&quot;}\" data-widget_type=\"image.default\">\n\t\t\t\t<div class=\"elementor-widget-container\">\n\t\t\t\t\t\t\t\t\t\t\t\t\t\t\t<img fetchpriority=\"high\" decoding=\"async\" width=\"214\" height=\"404\" src=\"https:\/\/duchigroup.it\/wp-content\/uploads\/2025\/06\/Logo-duchi.png\" class=\"attachment-full size-full wp-image-261\" alt=\"\" srcset=\"https:\/\/duchigroup.it\/wp-content\/uploads\/2025\/06\/Logo-duchi.png 214w, https:\/\/duchigroup.it\/wp-content\/uploads\/2025\/06\/Logo-duchi-159x300.png 159w\" sizes=\"(max-width: 214px) 100vw, 214px\" \/>\t\t\t\t\t\t\t\t\t\t\t\t\t\t\t<\/div>\n\t\t\t\t<\/div>\n\t\t\t\t\t<\/div>\n\t\t\t\t<\/div>\n\t\t<div class=\"elementor-element elementor-element-1ef41d8 e-flex e-con-boxed e-con e-parent\" data-id=\"1ef41d8\" data-element_type=\"container\" data-e-type=\"container\">\n\t\t\t\t\t<div class=\"e-con-inner\">\n\t\t<div class=\"elementor-element elementor-element-7376ac9 e-con-full e-flex e-con e-child\" data-id=\"7376ac9\" data-element_type=\"container\" data-e-type=\"container\">\n\t\t\t\t<div class=\"elementor-element elementor-element-8c1231c carosello-strutture elementor-arrows-position-inside elementor-widget elementor-widget-image-carousel\" data-id=\"8c1231c\" data-element_type=\"widget\" data-e-type=\"widget\" data-settings=\"{&quot;slides_to_show&quot;:&quot;1&quot;,&quot;navigation&quot;:&quot;arrows&quot;,&quot;lazyload&quot;:&quot;yes&quot;,&quot;infinite&quot;:&quot;yes&quot;,&quot;effect&quot;:&quot;slide&quot;,&quot;speed&quot;:500}\" data-widget_type=\"image-carousel.default\">\n\t\t\t\t<div class=\"elementor-widget-container\">\n\t\t\t\t\t\t\t<div class=\"elementor-image-carousel-wrapper swiper\" role=\"region\" aria-roledescription=\"carousel\" aria-label=\"CAROSELLO\" dir=\"ltr\">\n\t\t\t<div class=\"elementor-image-carousel swiper-wrapper\" aria-live=\"polite\">\n\t\t\t\t\t\t\t\t<div class=\"swiper-slide\" role=\"group\" aria-roledescription=\"slide\" aria-label=\"1 von 3\"><figure class=\"swiper-slide-inner\"><img class=\"swiper-slide-image swiper-lazy\" data-src=\"https:\/\/duchigroup.it\/wp-content\/uploads\/2025\/07\/BOA_8744.webp\" alt=\"BOA_8744\" \/><div class=\"swiper-lazy-preloader\"><\/div><\/figure><\/div><div class=\"swiper-slide\" role=\"group\" aria-roledescription=\"slide\" aria-label=\"2 von 3\"><figure class=\"swiper-slide-inner\"><img class=\"swiper-slide-image swiper-lazy\" data-src=\"https:\/\/duchigroup.it\/wp-content\/uploads\/2025\/07\/Esperienza-culinaria-raffinata-al-Duchi-Group.webp\" alt=\"Esperienza-culinaria-raffinata-al-Duchi-Group\" \/><div class=\"swiper-lazy-preloader\"><\/div><\/figure><\/div><div class=\"swiper-slide\" role=\"group\" aria-roledescription=\"slide\" aria-label=\"3 von 3\"><figure class=\"swiper-slide-inner\"><img class=\"swiper-slide-image swiper-lazy\" data-src=\"https:\/\/duchigroup.it\/wp-content\/uploads\/2025\/07\/Esperienza-enologica-Duchi-Group.webp\" alt=\"Esperienza-enologica-Duchi-Group\" \/><div class=\"swiper-lazy-preloader\"><\/div><\/figure><\/div>\t\t\t<\/div>\n\t\t\t\t\t\t\t\t\t\t\t\t<div class=\"elementor-swiper-button elementor-swiper-button-prev\" role=\"button\" tabindex=\"0\">\n\t\t\t\t\t\t<svg aria-hidden=\"true\" class=\"e-font-icon-svg e-eicon-chevron-left\" viewBox=\"0 0 1000 1000\" xmlns=\"http:\/\/www.w3.org\/2000\/svg\"><path d=\"M646 125C629 125 613 133 604 142L308 442C296 454 292 471 292 487 292 504 296 521 308 533L604 854C617 867 629 875 646 875 663 875 679 871 692 858 704 846 713 829 713 812 713 796 708 779 692 767L438 487 692 225C700 217 708 204 708 187 708 171 704 154 692 142 675 129 663 125 646 125Z\"><\/path><\/svg>\t\t\t\t\t<\/div>\n\t\t\t\t\t<div class=\"elementor-swiper-button elementor-swiper-button-next\" role=\"button\" tabindex=\"0\">\n\t\t\t\t\t\t<svg aria-hidden=\"true\" class=\"e-font-icon-svg e-eicon-chevron-right\" viewBox=\"0 0 1000 1000\" xmlns=\"http:\/\/www.w3.org\/2000\/svg\"><path d=\"M696 533C708 521 713 504 713 487 713 471 708 454 696 446L400 146C388 133 375 125 354 125 338 125 325 129 313 142 300 154 292 171 292 187 292 204 296 221 308 233L563 492 304 771C292 783 288 800 288 817 288 833 296 850 308 863 321 871 338 875 354 875 371 875 388 867 400 854L696 533Z\"><\/path><\/svg>\t\t\t\t\t<\/div>\n\t\t\t\t\n\t\t\t\t\t\t\t\t\t<\/div>\n\t\t\t\t\t\t<\/div>\n\t\t\t\t<\/div>\n\t\t<div class=\"elementor-element elementor-element-c576067 e-con-full e-flex e-con e-child\" data-id=\"c576067\" data-element_type=\"container\" data-e-type=\"container\">\n\t\t\t\t<div class=\"elementor-element elementor-element-63714c5 elementor-widget elementor-widget-heading\" data-id=\"63714c5\" data-element_type=\"widget\" data-e-type=\"widget\" data-widget_type=\"heading.default\">\n\t\t\t\t<div class=\"elementor-widget-container\">\n\t\t\t\t\t<h3 class=\"elementor-heading-title elementor-size-default\">Harry\u2019s Bistr\u00f2 &amp; Dehors<\/h3>\t\t\t\t<\/div>\n\t\t\t\t<\/div>\n\t\t\t\t<div class=\"elementor-element elementor-element-7a7885b elementor-widget elementor-widget-html\" data-id=\"7a7885b\" data-element_type=\"widget\" data-e-type=\"widget\" data-widget_type=\"html.default\">\n\t\t\t\t<div class=\"elementor-widget-container\">\n\t\t\t\t\t<div class=\"div-location-rate\">\n<span class=\"span-location\">Trieste<\/span>\n<\/div>\t\t\t\t<\/div>\n\t\t\t\t<\/div>\n\t\t\t\t<div class=\"elementor-element elementor-element-dd1c4b8 elementor-widget elementor-widget-text-editor\" data-id=\"dd1c4b8\" data-element_type=\"widget\" data-e-type=\"widget\" data-widget_type=\"text-editor.default\">\n\t\t\t\t<div class=\"elementor-widget-container\">\n\t\t\t\t\t\t\t\t\t<p>Das Harry\u2019s Bistr\u00f2 &amp; Dehors im Herzen von Triest ist eine Ikone der Eleganz und des Geschmacks in einer raffinierten Umgebung, in der auf jedes Detail geachtet wird. Die K\u00fcche, die von einer zeitgen\u00f6ssischen Vision geleitet wird, hebt die <strong>Saisonalit\u00e4t<\/strong> und die <strong>Qualit\u00e4t der Rohstoffe<\/strong> hervor und bietet Gerichte, die \u00fcberraschen und die Sinne befriedigen.<\/p>\t\t\t\t\t\t\t\t<\/div>\n\t\t\t\t<\/div>\n\t\t<div class=\"elementor-element elementor-element-40242bc e-con-full e-flex e-con e-child\" data-id=\"40242bc\" data-element_type=\"container\" data-e-type=\"container\">\n\t\t\t\t<div class=\"elementor-element elementor-element-50e6a19 button-no-bg elementor-widget elementor-widget-button\" data-id=\"50e6a19\" data-element_type=\"widget\" data-e-type=\"widget\" data-widget_type=\"button.default\">\n\t\t\t\t<div class=\"elementor-widget-container\">\n\t\t\t\t\t\t\t\t\t<div class=\"elementor-button-wrapper\">\n\t\t\t\t\t<a class=\"elementor-button elementor-button-link elementor-size-sm\" href=\"https:\/\/duchidaosta.com\/de\/sapori\/\" target=\"_blank\">\n\t\t\t\t\t\t<span class=\"elementor-button-content-wrapper\">\n\t\t\t\t\t\t\t\t\t<span class=\"elementor-button-text\">BESUCHEN SIE DIE WEBSITE<\/span>\n\t\t\t\t\t<\/span>\n\t\t\t\t\t<\/a>\n\t\t\t\t<\/div>\n\t\t\t\t\t\t\t\t<\/div>\n\t\t\t\t<\/div>\n\t\t\t\t<div class=\"elementor-element elementor-element-84e8a72 button-bg elementor-widget elementor-widget-button\" data-id=\"84e8a72\" data-element_type=\"widget\" data-e-type=\"widget\" data-widget_type=\"button.default\">\n\t\t\t\t<div class=\"elementor-widget-container\">\n\t\t\t\t\t\t\t\t\t<div class=\"elementor-button-wrapper\">\n\t\t\t\t\t<a class=\"elementor-button elementor-button-link elementor-size-sm\" href=\"https:\/\/widget.thefork.com\/it\/40b2c79e-63c2-4131-a022-9ddd1d0d2501?utm_source=duchidaosta.com\" target=\"_blank\">\n\t\t\t\t\t\t<span class=\"elementor-button-content-wrapper\">\n\t\t\t\t\t\t\t\t\t<span class=\"elementor-button-text\">TISCH BUCHEN<\/span>\n\t\t\t\t\t<\/span>\n\t\t\t\t\t<\/a>\n\t\t\t\t<\/div>\n\t\t\t\t\t\t\t\t<\/div>\n\t\t\t\t<\/div>\n\t\t\t\t<\/div>\n\t\t\t\t<\/div>\n\t\t\t\t<\/div>\n\t\t\t\t\t<\/div>\n\t\t\t\t<\/div>\n\t\t<div class=\"elementor-element elementor-element-bf90ea8 e-flex e-con-boxed e-con e-parent\" data-id=\"bf90ea8\" data-element_type=\"container\" data-e-type=\"container\">\n\t\t\t\t\t<div class=\"e-con-inner\">\n\t\t<div class=\"elementor-element elementor-element-c91e781 e-con-full e-flex e-con e-child\" data-id=\"c91e781\" data-element_type=\"container\" data-e-type=\"container\">\n\t\t\t\t<div class=\"elementor-element elementor-element-87ecdfe carosello-strutture elementor-arrows-position-inside elementor-widget elementor-widget-image-carousel\" data-id=\"87ecdfe\" data-element_type=\"widget\" data-e-type=\"widget\" data-settings=\"{&quot;slides_to_show&quot;:&quot;1&quot;,&quot;navigation&quot;:&quot;arrows&quot;,&quot;lazyload&quot;:&quot;yes&quot;,&quot;infinite&quot;:&quot;yes&quot;,&quot;effect&quot;:&quot;slide&quot;,&quot;speed&quot;:500}\" data-widget_type=\"image-carousel.default\">\n\t\t\t\t<div class=\"elementor-widget-container\">\n\t\t\t\t\t\t\t<div class=\"elementor-image-carousel-wrapper swiper\" role=\"region\" aria-roledescription=\"carousel\" aria-label=\"CAROSELLO\" dir=\"ltr\">\n\t\t\t<div class=\"elementor-image-carousel swiper-wrapper\" aria-live=\"polite\">\n\t\t\t\t\t\t\t\t<div class=\"swiper-slide\" role=\"group\" aria-roledescription=\"slide\" aria-label=\"1 von 3\"><figure class=\"swiper-slide-inner\"><img class=\"swiper-slide-image swiper-lazy\" data-src=\"https:\/\/duchigroup.it\/wp-content\/uploads\/2025\/07\/3a8e36651fd39d3d40594a296111c1f50e12e055.webp\" alt=\"3a8e36651fd39d3d40594a296111c1f50e12e055\" \/><div class=\"swiper-lazy-preloader\"><\/div><\/figure><\/div><div class=\"swiper-slide\" role=\"group\" aria-roledescription=\"slide\" aria-label=\"2 von 3\"><figure class=\"swiper-slide-inner\"><img class=\"swiper-slide-image swiper-lazy\" data-src=\"https:\/\/duchigroup.it\/wp-content\/uploads\/2025\/07\/Arte-culinaria-a-Harrys-Restaurant.webp\" alt=\"Arte-culinaria-a-Harrys-Restaurant\" \/><div class=\"swiper-lazy-preloader\"><\/div><\/figure><\/div><div class=\"swiper-slide\" role=\"group\" aria-roledescription=\"slide\" aria-label=\"3 von 3\"><figure class=\"swiper-slide-inner\"><img class=\"swiper-slide-image swiper-lazy\" data-src=\"https:\/\/duchigroup.it\/wp-content\/uploads\/2025\/07\/Relax-sulla-terrazza-con-vista-panoramica.webp\" alt=\"Relax-sulla-terrazza-con-vista-panoramica\" \/><div class=\"swiper-lazy-preloader\"><\/div><\/figure><\/div>\t\t\t<\/div>\n\t\t\t\t\t\t\t\t\t\t\t\t<div class=\"elementor-swiper-button elementor-swiper-button-prev\" role=\"button\" tabindex=\"0\">\n\t\t\t\t\t\t<svg aria-hidden=\"true\" class=\"e-font-icon-svg e-eicon-chevron-left\" viewBox=\"0 0 1000 1000\" xmlns=\"http:\/\/www.w3.org\/2000\/svg\"><path d=\"M646 125C629 125 613 133 604 142L308 442C296 454 292 471 292 487 292 504 296 521 308 533L604 854C617 867 629 875 646 875 663 875 679 871 692 858 704 846 713 829 713 812 713 796 708 779 692 767L438 487 692 225C700 217 708 204 708 187 708 171 704 154 692 142 675 129 663 125 646 125Z\"><\/path><\/svg>\t\t\t\t\t<\/div>\n\t\t\t\t\t<div class=\"elementor-swiper-button elementor-swiper-button-next\" role=\"button\" tabindex=\"0\">\n\t\t\t\t\t\t<svg aria-hidden=\"true\" class=\"e-font-icon-svg e-eicon-chevron-right\" viewBox=\"0 0 1000 1000\" xmlns=\"http:\/\/www.w3.org\/2000\/svg\"><path d=\"M696 533C708 521 713 504 713 487 713 471 708 454 696 446L400 146C388 133 375 125 354 125 338 125 325 129 313 142 300 154 292 171 292 187 292 204 296 221 308 233L563 492 304 771C292 783 288 800 288 817 288 833 296 850 308 863 321 871 338 875 354 875 371 875 388 867 400 854L696 533Z\"><\/path><\/svg>\t\t\t\t\t<\/div>\n\t\t\t\t\n\t\t\t\t\t\t\t\t\t<\/div>\n\t\t\t\t\t\t<\/div>\n\t\t\t\t<\/div>\n\t\t<div class=\"elementor-element elementor-element-1b17c2a e-con-full e-flex e-con e-child\" data-id=\"1b17c2a\" data-element_type=\"container\" data-e-type=\"container\">\n\t\t\t\t<div class=\"elementor-element elementor-element-672c13f elementor-widget elementor-widget-heading\" data-id=\"672c13f\" data-element_type=\"widget\" data-e-type=\"widget\" data-widget_type=\"heading.default\">\n\t\t\t\t<div class=\"elementor-widget-container\">\n\t\t\t\t\t<h3 class=\"elementor-heading-title elementor-size-default\">Dukes Maris<\/h3>\t\t\t\t<\/div>\n\t\t\t\t<\/div>\n\t\t\t\t<div class=\"elementor-element elementor-element-849979f elementor-widget elementor-widget-html\" data-id=\"849979f\" data-element_type=\"widget\" data-e-type=\"widget\" data-widget_type=\"html.default\">\n\t\t\t\t<div class=\"elementor-widget-container\">\n\t\t\t\t\t<div class=\"div-location-rate\">\n    <span class=\"span-location\">Portopiccolo (TS)<\/span>\n<\/div>\t\t\t\t<\/div>\n\t\t\t\t<\/div>\n\t\t\t\t<div class=\"elementor-element elementor-element-2873a96 elementor-widget elementor-widget-text-editor\" data-id=\"2873a96\" data-element_type=\"widget\" data-e-type=\"widget\" data-widget_type=\"text-editor.default\">\n\t\t\t\t<div class=\"elementor-widget-container\">\n\t\t\t\t\t\t\t\t\t<p>Mit Blick auf das Meer in Portopiccolo ist das Duchi Maris ein elegantes Restaurant, in dem <b>frischer Fisch<\/b> der absolute Star ist. Die K\u00fcche ist vom <strong>Mittelmeer<\/strong> inspiriert, mit <strong>delikaten Aromen<\/strong> und einer Pr\u00e4sentation, die an Kunstwerke erinnert. Ein idealer Ort f\u00fcr alle, die ein unvergessliches gastronomisches Erlebnis in einer stimmungsvollen Umgebung suchen.  <\/p>\t\t\t\t\t\t\t\t<\/div>\n\t\t\t\t<\/div>\n\t\t<div class=\"elementor-element elementor-element-1a26554 e-con-full e-flex e-con e-child\" data-id=\"1a26554\" data-element_type=\"container\" data-e-type=\"container\">\n\t\t\t\t<div class=\"elementor-element elementor-element-d1baa5c button-no-bg elementor-widget elementor-widget-button\" data-id=\"d1baa5c\" data-element_type=\"widget\" data-e-type=\"widget\" data-widget_type=\"button.default\">\n\t\t\t\t<div class=\"elementor-widget-container\">\n\t\t\t\t\t\t\t\t\t<div class=\"elementor-button-wrapper\">\n\t\t\t\t\t<a class=\"elementor-button elementor-button-link elementor-size-sm\" href=\"https:\/\/duchimaris.it\/de\/\" target=\"_blank\">\n\t\t\t\t\t\t<span class=\"elementor-button-content-wrapper\">\n\t\t\t\t\t\t\t\t\t<span class=\"elementor-button-text\">BESUCHEN SIE DIE WEBSITE<\/span>\n\t\t\t\t\t<\/span>\n\t\t\t\t\t<\/a>\n\t\t\t\t<\/div>\n\t\t\t\t\t\t\t\t<\/div>\n\t\t\t\t<\/div>\n\t\t\t\t<div class=\"elementor-element elementor-element-884e048 button-bg elementor-widget elementor-widget-button\" data-id=\"884e048\" data-element_type=\"widget\" data-e-type=\"widget\" data-widget_type=\"button.default\">\n\t\t\t\t<div class=\"elementor-widget-container\">\n\t\t\t\t\t\t\t\t\t<div class=\"elementor-button-wrapper\">\n\t\t\t\t\t<a class=\"elementor-button elementor-button-link elementor-size-sm\" href=\"https:\/\/www.thefork.it\/ristorante\/duchi-maris-r840805\" target=\"_blank\">\n\t\t\t\t\t\t<span class=\"elementor-button-content-wrapper\">\n\t\t\t\t\t\t\t\t\t<span class=\"elementor-button-text\">TISCH BUCHEN<\/span>\n\t\t\t\t\t<\/span>\n\t\t\t\t\t<\/a>\n\t\t\t\t<\/div>\n\t\t\t\t\t\t\t\t<\/div>\n\t\t\t\t<\/div>\n\t\t\t\t<\/div>\n\t\t\t\t<\/div>\n\t\t\t\t<\/div>\n\t\t\t\t\t<\/div>\n\t\t\t\t<\/div>\n\t\t\t\t<\/div>\n\t\t","protected":false},"excerpt":{"rendered":"<p>Farben, Geschm\u00e4cker und D\u00fcfte Die K\u00fcche der Duchi-Restaurants ist eine Reise zwischen Geschmack, \u00c4sthetik und Territorium.Ausgew\u00e4hlte Zutaten, Kreativit\u00e4t und Technik vereinen sich zu gastronomischen Erlebnissen, die von Meer, Land und Leidenschaft f\u00fcr Exzellenz sprechen. Jedes Gericht ist eine Hommage an die Sch\u00f6nheit und Vielfalt unserer Region. Harry\u2019s Bistr\u00f2 &amp; Dehors Trieste Das Harry\u2019s Bistr\u00f2 &amp; [&hellip;]<\/p>\n","protected":false},"author":1,"featured_media":808,"parent":0,"menu_order":0,"comment_status":"closed","ping_status":"closed","template":"","meta":{"_acf_changed":false,"footnotes":""},"class_list":["post-1066","page","type-page","status-publish","has-post-thumbnail","hentry"],"acf":[],"yoast_head":"<!-- This site is optimized with the Yoast SEO plugin v25.4 - https:\/\/yoast.com\/wordpress\/plugins\/seo\/ -->\n<title>Restaurants - Duchi Group<\/title>\n<meta name=\"description\" content=\"Restaurants Duchi Group\" \/>\n<meta name=\"robots\" content=\"index, follow, max-snippet:-1, max-image-preview:large, max-video-preview:-1\" \/>\n<link rel=\"canonical\" href=\"https:\/\/duchigroup.it\/de\/restaurants\/\" \/>\n<meta property=\"og:locale\" content=\"de_DE\" \/>\n<meta property=\"og:type\" content=\"article\" \/>\n<meta property=\"og:title\" content=\"Restaurants - Duchi Group\" \/>\n<meta property=\"og:description\" content=\"Restaurants Duchi Group\" \/>\n<meta property=\"og:url\" content=\"https:\/\/duchigroup.it\/de\/restaurants\/\" \/>\n<meta property=\"og:site_name\" content=\"Duchi Group\" \/>\n<meta property=\"article:modified_time\" content=\"2026-04-10T13:51:05+00:00\" \/>\n<meta property=\"og:image\" content=\"https:\/\/duchigroup.it\/wp-content\/uploads\/2025\/07\/950cd40b0ce133a7870f6849195dd3d3a680b392.webp\" \/>\n\t<meta property=\"og:image:width\" content=\"1620\" \/>\n\t<meta property=\"og:image:height\" content=\"1080\" \/>\n\t<meta property=\"og:image:type\" content=\"image\/webp\" \/>\n<meta name=\"twitter:card\" content=\"summary_large_image\" \/>\n<meta name=\"twitter:label1\" content=\"Gesch\u00e4tzte Lesezeit\" \/>\n\t<meta name=\"twitter:data1\" content=\"4\u00a0Minuten\" \/>\n<script type=\"application\/ld+json\" class=\"yoast-schema-graph\">{\"@context\":\"https:\/\/schema.org\",\"@graph\":[{\"@type\":\"WebPage\",\"@id\":\"https:\/\/duchigroup.it\/de\/restaurants\/\",\"url\":\"https:\/\/duchigroup.it\/de\/restaurants\/\",\"name\":\"Restaurants - Duchi Group\",\"isPartOf\":{\"@id\":\"https:\/\/duchigroup.it\/de\/#website\"},\"primaryImageOfPage\":{\"@id\":\"https:\/\/duchigroup.it\/de\/restaurants\/#primaryimage\"},\"image\":{\"@id\":\"https:\/\/duchigroup.it\/de\/restaurants\/#primaryimage\"},\"thumbnailUrl\":\"https:\/\/duchigroup.it\/wp-content\/uploads\/2025\/07\/950cd40b0ce133a7870f6849195dd3d3a680b392.webp\",\"datePublished\":\"2025-06-25T12:38:57+00:00\",\"dateModified\":\"2026-04-10T13:51:05+00:00\",\"description\":\"Restaurants Duchi Group\",\"breadcrumb\":{\"@id\":\"https:\/\/duchigroup.it\/de\/restaurants\/#breadcrumb\"},\"inLanguage\":\"de\",\"potentialAction\":[{\"@type\":\"ReadAction\",\"target\":[\"https:\/\/duchigroup.it\/de\/restaurants\/\"]}]},{\"@type\":\"ImageObject\",\"inLanguage\":\"de\",\"@id\":\"https:\/\/duchigroup.it\/de\/restaurants\/#primaryimage\",\"url\":\"https:\/\/duchigroup.it\/wp-content\/uploads\/2025\/07\/950cd40b0ce133a7870f6849195dd3d3a680b392.webp\",\"contentUrl\":\"https:\/\/duchigroup.it\/wp-content\/uploads\/2025\/07\/950cd40b0ce133a7870f6849195dd3d3a680b392.webp\",\"width\":1620,\"height\":1080},{\"@type\":\"BreadcrumbList\",\"@id\":\"https:\/\/duchigroup.it\/de\/restaurants\/#breadcrumb\",\"itemListElement\":[{\"@type\":\"ListItem\",\"position\":1,\"name\":\"Home\",\"item\":\"https:\/\/duchigroup.it\/de\/\"},{\"@type\":\"ListItem\",\"position\":2,\"name\":\"Restaurants\"}]},{\"@type\":\"WebSite\",\"@id\":\"https:\/\/duchigroup.it\/de\/#website\",\"url\":\"https:\/\/duchigroup.it\/de\/\",\"name\":\"Duchi Group\",\"description\":\"\",\"publisher\":{\"@id\":\"https:\/\/duchigroup.it\/de\/#organization\"},\"potentialAction\":[{\"@type\":\"SearchAction\",\"target\":{\"@type\":\"EntryPoint\",\"urlTemplate\":\"https:\/\/duchigroup.it\/de\/?s={search_term_string}\"},\"query-input\":{\"@type\":\"PropertyValueSpecification\",\"valueRequired\":true,\"valueName\":\"search_term_string\"}}],\"inLanguage\":\"de\"},{\"@type\":\"Organization\",\"@id\":\"https:\/\/duchigroup.it\/de\/#organization\",\"name\":\"Duchi Group\",\"url\":\"https:\/\/duchigroup.it\/de\/\",\"logo\":{\"@type\":\"ImageObject\",\"inLanguage\":\"de\",\"@id\":\"https:\/\/duchigroup.it\/de\/#\/schema\/logo\/image\/\",\"url\":\"https:\/\/duchigroup.it\/wp-content\/uploads\/2025\/06\/Logo-DUCHI-GROUP-TR-1.png\",\"contentUrl\":\"https:\/\/duchigroup.it\/wp-content\/uploads\/2025\/06\/Logo-DUCHI-GROUP-TR-1.png\",\"width\":180,\"height\":170,\"caption\":\"Duchi Group\"},\"image\":{\"@id\":\"https:\/\/duchigroup.it\/de\/#\/schema\/logo\/image\/\"}}]}<\/script>\n<!-- \/ Yoast SEO plugin. -->","yoast_head_json":{"title":"Restaurants - Duchi Group","description":"Restaurants Duchi Group","robots":{"index":"index","follow":"follow","max-snippet":"max-snippet:-1","max-image-preview":"max-image-preview:large","max-video-preview":"max-video-preview:-1"},"canonical":"https:\/\/duchigroup.it\/de\/restaurants\/","og_locale":"de_DE","og_type":"article","og_title":"Restaurants - Duchi Group","og_description":"Restaurants Duchi Group","og_url":"https:\/\/duchigroup.it\/de\/restaurants\/","og_site_name":"Duchi Group","article_modified_time":"2026-04-10T13:51:05+00:00","og_image":[{"width":1620,"height":1080,"url":"https:\/\/duchigroup.it\/wp-content\/uploads\/2025\/07\/950cd40b0ce133a7870f6849195dd3d3a680b392.webp","type":"image\/webp"}],"twitter_card":"summary_large_image","twitter_misc":{"Gesch\u00e4tzte Lesezeit":"4\u00a0Minuten"},"schema":{"@context":"https:\/\/schema.org","@graph":[{"@type":"WebPage","@id":"https:\/\/duchigroup.it\/de\/restaurants\/","url":"https:\/\/duchigroup.it\/de\/restaurants\/","name":"Restaurants - Duchi Group","isPartOf":{"@id":"https:\/\/duchigroup.it\/de\/#website"},"primaryImageOfPage":{"@id":"https:\/\/duchigroup.it\/de\/restaurants\/#primaryimage"},"image":{"@id":"https:\/\/duchigroup.it\/de\/restaurants\/#primaryimage"},"thumbnailUrl":"https:\/\/duchigroup.it\/wp-content\/uploads\/2025\/07\/950cd40b0ce133a7870f6849195dd3d3a680b392.webp","datePublished":"2025-06-25T12:38:57+00:00","dateModified":"2026-04-10T13:51:05+00:00","description":"Restaurants Duchi Group","breadcrumb":{"@id":"https:\/\/duchigroup.it\/de\/restaurants\/#breadcrumb"},"inLanguage":"de","potentialAction":[{"@type":"ReadAction","target":["https:\/\/duchigroup.it\/de\/restaurants\/"]}]},{"@type":"ImageObject","inLanguage":"de","@id":"https:\/\/duchigroup.it\/de\/restaurants\/#primaryimage","url":"https:\/\/duchigroup.it\/wp-content\/uploads\/2025\/07\/950cd40b0ce133a7870f6849195dd3d3a680b392.webp","contentUrl":"https:\/\/duchigroup.it\/wp-content\/uploads\/2025\/07\/950cd40b0ce133a7870f6849195dd3d3a680b392.webp","width":1620,"height":1080},{"@type":"BreadcrumbList","@id":"https:\/\/duchigroup.it\/de\/restaurants\/#breadcrumb","itemListElement":[{"@type":"ListItem","position":1,"name":"Home","item":"https:\/\/duchigroup.it\/de\/"},{"@type":"ListItem","position":2,"name":"Restaurants"}]},{"@type":"WebSite","@id":"https:\/\/duchigroup.it\/de\/#website","url":"https:\/\/duchigroup.it\/de\/","name":"Duchi Group","description":"","publisher":{"@id":"https:\/\/duchigroup.it\/de\/#organization"},"potentialAction":[{"@type":"SearchAction","target":{"@type":"EntryPoint","urlTemplate":"https:\/\/duchigroup.it\/de\/?s={search_term_string}"},"query-input":{"@type":"PropertyValueSpecification","valueRequired":true,"valueName":"search_term_string"}}],"inLanguage":"de"},{"@type":"Organization","@id":"https:\/\/duchigroup.it\/de\/#organization","name":"Duchi Group","url":"https:\/\/duchigroup.it\/de\/","logo":{"@type":"ImageObject","inLanguage":"de","@id":"https:\/\/duchigroup.it\/de\/#\/schema\/logo\/image\/","url":"https:\/\/duchigroup.it\/wp-content\/uploads\/2025\/06\/Logo-DUCHI-GROUP-TR-1.png","contentUrl":"https:\/\/duchigroup.it\/wp-content\/uploads\/2025\/06\/Logo-DUCHI-GROUP-TR-1.png","width":180,"height":170,"caption":"Duchi Group"},"image":{"@id":"https:\/\/duchigroup.it\/de\/#\/schema\/logo\/image\/"}}]}},"_links":{"self":[{"href":"https:\/\/duchigroup.it\/de\/wp-json\/wp\/v2\/pages\/1066","targetHints":{"allow":["GET"]}}],"collection":[{"href":"https:\/\/duchigroup.it\/de\/wp-json\/wp\/v2\/pages"}],"about":[{"href":"https:\/\/duchigroup.it\/de\/wp-json\/wp\/v2\/types\/page"}],"author":[{"embeddable":true,"href":"https:\/\/duchigroup.it\/de\/wp-json\/wp\/v2\/users\/1"}],"replies":[{"embeddable":true,"href":"https:\/\/duchigroup.it\/de\/wp-json\/wp\/v2\/comments?post=1066"}],"version-history":[{"count":3,"href":"https:\/\/duchigroup.it\/de\/wp-json\/wp\/v2\/pages\/1066\/revisions"}],"predecessor-version":[{"id":1450,"href":"https:\/\/duchigroup.it\/de\/wp-json\/wp\/v2\/pages\/1066\/revisions\/1450"}],"wp:featuredmedia":[{"embeddable":true,"href":"https:\/\/duchigroup.it\/de\/wp-json\/wp\/v2\/media\/808"}],"wp:attachment":[{"href":"https:\/\/duchigroup.it\/de\/wp-json\/wp\/v2\/media?parent=1066"}],"curies":[{"name":"wp","href":"https:\/\/api.w.org\/{rel}","templated":true}]}}