{"id":1062,"date":"2025-06-26T07:50:01","date_gmt":"2025-06-26T07:50:01","guid":{"rendered":"https:\/\/duchi-istituzionale.promoservicebeta.com\/dukes\/"},"modified":"2025-07-14T13:15:59","modified_gmt":"2025-07-14T13:15:59","slug":"duchi","status":"publish","type":"page","link":"https:\/\/duchigroup.it\/de\/duchi\/","title":{"rendered":"Dukes"},"content":{"rendered":"\t\t<div data-elementor-type=\"wp-page\" data-elementor-id=\"1062\" class=\"elementor elementor-1062 elementor-503\" data-elementor-post-type=\"page\">\n\t\t\t\t<div class=\"elementor-element elementor-element-0107d23 e-flex e-con-boxed e-con e-parent\" data-id=\"0107d23\" data-element_type=\"container\" data-e-type=\"container\" data-settings=\"{&quot;background_background&quot;:&quot;classic&quot;}\">\n\t\t\t\t\t<div class=\"e-con-inner\">\n\t\t\t\t<div class=\"elementor-element elementor-element-ff8724b gold elementor-widget elementor-widget-heading\" data-id=\"ff8724b\" data-element_type=\"widget\" data-e-type=\"widget\" data-widget_type=\"heading.default\">\n\t\t\t\t<div class=\"elementor-widget-container\">\n\t\t\t\t\t<h2 class=\"elementor-heading-title elementor-size-default\">Die Duchi-Welt: Gastfreundschaft, Wein und <br>Italienische Exzellenz<\/h2>\t\t\t\t<\/div>\n\t\t\t\t<\/div>\n\t\t\t\t<div class=\"elementor-element elementor-element-5a7ca94 elementor-widget__width-initial elementor-widget elementor-widget-text-editor\" data-id=\"5a7ca94\" data-element_type=\"widget\" data-e-type=\"widget\" data-widget_type=\"text-editor.default\">\n\t\t\t\t<div class=\"elementor-widget-container\">\n\t\t\t\t\t\t\t\t\t<p>Die Duchi-Gruppe ist ein harmonischer Zusammenschluss von <strong>Unternehmern<\/strong>, die in den Bereichen gehobene <strong>Gastronomie<\/strong>, <strong>Feinschmeckerei<\/strong> und <strong>Weinproduktion<\/strong> t\u00e4tig sind <strong>.<\/strong><br>Geleitet von einer famili\u00e4ren und gleichzeitig unternehmerischen Vision, zeichnet sich die Gruppe durch einen hervorragenden Service, die Aufwertung des Territoriums und einen erkennbaren Stil aus, der auf Qualit\u00e4t, Eleganz und Authentizit\u00e4t beruht.<\/p>\t\t\t\t\t\t\t\t<\/div>\n\t\t\t\t<\/div>\n\t\t\t\t<div class=\"elementor-element elementor-element-3c63c93 elementor-absolute logo-duchi elementor-invisible elementor-widget elementor-widget-image\" data-id=\"3c63c93\" data-element_type=\"widget\" data-e-type=\"widget\" data-settings=\"{&quot;_position&quot;:&quot;absolute&quot;,&quot;_animation&quot;:&quot;fadeInRight&quot;}\" data-widget_type=\"image.default\">\n\t\t\t\t<div class=\"elementor-widget-container\">\n\t\t\t\t\t\t\t\t\t\t\t\t\t\t\t<img fetchpriority=\"high\" decoding=\"async\" width=\"214\" height=\"404\" src=\"https:\/\/duchigroup.it\/wp-content\/uploads\/2025\/06\/Logo-duchi.png\" class=\"attachment-full size-full wp-image-261\" alt=\"\" srcset=\"https:\/\/duchigroup.it\/wp-content\/uploads\/2025\/06\/Logo-duchi.png 214w, https:\/\/duchigroup.it\/wp-content\/uploads\/2025\/06\/Logo-duchi-159x300.png 159w\" sizes=\"(max-width: 214px) 100vw, 214px\" \/>\t\t\t\t\t\t\t\t\t\t\t\t\t\t\t<\/div>\n\t\t\t\t<\/div>\n\t\t\t\t\t<\/div>\n\t\t\t\t<\/div>\n\t\t<div class=\"elementor-element elementor-element-9467772 e-flex e-con-boxed e-con e-parent\" data-id=\"9467772\" data-element_type=\"container\" data-e-type=\"container\">\n\t\t\t\t\t<div class=\"e-con-inner\">\n\t\t\t\t<div class=\"elementor-element elementor-element-b6b88d9 gold elementor-widget elementor-widget-heading\" data-id=\"b6b88d9\" data-element_type=\"widget\" data-e-type=\"widget\" data-widget_type=\"heading.default\">\n\t\t\t\t<div class=\"elementor-widget-container\">\n\t\t\t\t\t<h2 class=\"elementor-heading-title elementor-size-default\">Unsere Realit\u00e4ten<\/h2>\t\t\t\t<\/div>\n\t\t\t\t<\/div>\n\t\t\t\t<div class=\"elementor-element elementor-element-526954e elementor-widget elementor-widget-shortcode\" data-id=\"526954e\" data-element_type=\"widget\" data-e-type=\"widget\" data-widget_type=\"shortcode.default\">\n\t\t\t\t<div class=\"elementor-widget-container\">\n\t\t\t\t\t\t\t<div class=\"elementor-shortcode\">    <div class=\"slider-container\" id=\"slider-1\">\n        <div class=\"slides\">\n                                <div class=\"slide-item\">\n                        <h2 class=\"slide-title\">Gastfreundschaft - Artur S.r.l.<\/h2>\n                        <div class=\"slide-description\"><p>Die charakteristische Gastfreundschaft der Dukes kommt in exklusiven Hotels und Landg\u00fctern zum Ausdruck, in denen jedes Detail auf das <strong>Wohlbefinden der G\u00e4ste<\/strong> ausgerichtet ist <strong>.<\/strong><\/p>\n<\/div>\n                                                <a href=\"https:\/\/duchigroup.it\/it\/le-strutture\/\" class=\"slide-button\">\n                            ENTDECKEN SIE DIE EINRICHTUNGEN                        <\/a>\n                    <\/div>\n                                    <div class=\"slide-item\">\n                        <h2 class=\"slide-title\">Verpflegung - Artur S.r.l.<\/h2>\n                        <div class=\"slide-description\"><p>Das gastronomische Angebot der Gruppe unterstreicht die <strong>authentischen Aromen der italienischen Tradition<\/strong> mit einem Hauch von zeitgen\u00f6ssischer Kreativit\u00e4t.<\/p>\n<\/div>\n                                                <a href=\"https:\/\/duchigroup.it\/it\/ristoranti\/\" class=\"slide-button\">\n                            REISE DURCH DIE GESCHMACKSRICHTUNGEN                        <\/a>\n                    <\/div>\n                                    <div class=\"slide-item\">\n                        <h2 class=\"slide-title\">Wein & Weingut - Arvin S.r.l<\/h2>\n                        <div class=\"slide-description\"><p>Eine tiefe Verbindung zwischen <strong>Land und Wein<\/strong>, mit einer Produktion, die Tradition, Innovation und Respekt f\u00fcr die Umwelt verbindet.<\/p>\n<\/div>\n                                                <a href=\"https:\/\/duchiwinery.it\/\" class=\"slide-button\" target=\"_blank\" rel=\"noopener noreferrer\">\n                            BESUCHEN SIE DEN KELLER                        <\/a>\n                    <\/div>\n                                    <\/div>\n        \n        <div class=\"slider-images\">\n                                <img decoding=\"async\" src=\"https:\/\/duchigroup.it\/wp-content\/uploads\/2025\/07\/Eleganza-e-Comfort-con-Vista-Panoramica.webp\" alt=\"\" class=\"slide-image\">\n                                    <img decoding=\"async\" src=\"https:\/\/duchigroup.it\/wp-content\/uploads\/2025\/07\/Piatto-gourmet-al-sole-dItalia.webp\" alt=\"\" class=\"slide-image\">\n                                    <img decoding=\"async\" src=\"https:\/\/duchigroup.it\/wp-content\/uploads\/2025\/07\/Scintillante-Bottiglia-di-Vino-tra-Viti.webp\" alt=\"\" class=\"slide-image\">\n                                    <\/div>\n    <\/div>\n\n\n<style>\n.slider-container {\n    display: flex;\n    flex-direction: row;\n    gap: 55px;\n    justify-content: space-between;\n}\n.slider-images {\n    width: 100%;\n    display: flex;\n    flex-direction: column;\n}\n.slide-item {\n    padding: 15px;\n    border-radius: 8px;\n    margin-bottom: 10px;\n    cursor: pointer;\n    transition: all 0.3s ease;\n}\n.slide-item .slide-title {\n    font-size: 1.6rem;\n    font-weight: bold;\n    margin-bottom: 20px !important;\n    color: #b9b9b9 !important;\n}\n.slide-item.active .slide-title  {\n    font-size: 1.6rem;\n    font-weight: bold;\n    margin-bottom: 20px !important;\n    color: #465957 !important;\n}\n.slide-description, .slide-button {\n    display: none;\n}\n.slide-item.active .slide-description,\n.slide-item.active .slide-button {\n    display: block;\n}\n.slide-item.active {\n    padding-bottom: 30px;\n}\n.slider-images {\n    width: 50%;\n    display: flex;\n    flex-direction: column;\n}\n.slide-image {\n    width: 100%;\n    height: 550px !important;\n    display: none;\n    object-fit: cover;\n}\n.slide-image.active {\n    display: block;\n}\n.slider-container p {\n    font-size: 1.2rem;\n    color: #777;\n    text-align: center;\n}\n.slides {\n    width: 50%;\n    display: flex;\n    flex-direction: column;\n    justify-content: center;\n}\n.slide-description p {\n    text-align: left;\n}\na.slide-button {\n    width: fit-content;\n    text-transform: uppercase;\n    text-decoration-line: underline !important;\n    text-decoration-thickness: 2px;\n    text-underline-offset: 4px;\n    text-decoration-color: var(--color-green);\n    margin-top: 20px !important;\n    font-weight: 600 !important;\n}\n@media(max-width: 768px){\n    .slider-container {\n        display: flex;\n        flex-direction: column;\n        gap: 20px;\n        justify-content: space-between;\n    }\n    .slides {\n        width: 100%;\n    }\n    .slider-images {\n        width: 100%;\n    }\n    .slide-item {\n        padding: 0px;\n        margin-bottom: 5px;\n    }\n    .slide-image {\n        height: 420px !important;\n    }\n}\n<\/style>\n\n\n<script>\ndocument.addEventListener('DOMContentLoaded', function() {\n    const sliderContainers = document.querySelectorAll('.slider-container');\n\n    sliderContainers.forEach(sliderContainer => {\n        const slides = sliderContainer.querySelectorAll('.slide-item');\n        const images = sliderContainer.querySelectorAll('.slide-image');\n\n        if (slides.length > 0) {\n            slides[0].classList.add('active');\n            images[0].classList.add('active');\n        }\n\n        slides.forEach((slide, index) => {\n            slide.addEventListener('click', function() {\n                slides.forEach(s => s.classList.remove('active'));\n                images.forEach(img => img.classList.remove('active'));\n\n                slide.classList.add('active');\n                images[index].classList.add('active');\n            });\n        });\n    });\n});\n<\/script><\/div>\n\t\t\t\t\t\t<\/div>\n\t\t\t\t<\/div>\n\t\t\t\t\t<\/div>\n\t\t\t\t<\/div>\n\t\t<div class=\"elementor-element elementor-element-2aca8f1 e-flex e-con-boxed e-con e-parent\" data-id=\"2aca8f1\" data-element_type=\"container\" data-e-type=\"container\" data-settings=\"{&quot;background_background&quot;:&quot;classic&quot;}\">\n\t\t\t\t\t<div class=\"e-con-inner\">\n\t\t<div class=\"elementor-element elementor-element-851a58d e-con-full e-flex e-con e-child\" data-id=\"851a58d\" data-element_type=\"container\" data-e-type=\"container\">\n\t\t\t\t<div class=\"elementor-element elementor-element-82ead85 elementor-widget elementor-widget-image\" data-id=\"82ead85\" data-element_type=\"widget\" data-e-type=\"widget\" data-widget_type=\"image.default\">\n\t\t\t\t<div class=\"elementor-widget-container\">\n\t\t\t\t\t\t\t\t\t\t\t\t\t\t\t<img decoding=\"async\" width=\"768\" height=\"722\" src=\"https:\/\/duchigroup.it\/wp-content\/uploads\/2025\/07\/Elegante-emblema-della-Duchi-Group.png\" class=\"attachment-full size-full wp-image-826\" alt=\"\" srcset=\"https:\/\/duchigroup.it\/wp-content\/uploads\/2025\/07\/Elegante-emblema-della-Duchi-Group.png 768w, https:\/\/duchigroup.it\/wp-content\/uploads\/2025\/07\/Elegante-emblema-della-Duchi-Group-300x282.png 300w\" sizes=\"(max-width: 768px) 100vw, 768px\" \/>\t\t\t\t\t\t\t\t\t\t\t\t\t\t\t<\/div>\n\t\t\t\t<\/div>\n\t\t\t\t<\/div>\n\t\t<div class=\"elementor-element elementor-element-cc2376c e-con-full e-flex elementor-invisible e-con e-child\" data-id=\"cc2376c\" data-element_type=\"container\" data-e-type=\"container\" data-settings=\"{&quot;animation&quot;:&quot;fadeInRight&quot;}\">\n\t\t\t\t<div class=\"elementor-element elementor-element-94f87bb elementor-widget elementor-widget-heading\" data-id=\"94f87bb\" data-element_type=\"widget\" data-e-type=\"widget\" data-widget_type=\"heading.default\">\n\t\t\t\t<div class=\"elementor-widget-container\">\n\t\t\t\t\t<h2 class=\"elementor-heading-title elementor-size-default\">Eine gemeinsame Identit\u00e4t, eine<br> Vision, die weit in die Zukunft blickt<\/h2>\t\t\t\t<\/div>\n\t\t\t\t<\/div>\n\t\t\t\t<div class=\"elementor-element elementor-element-9d2a140 light-brown elementor-widget elementor-widget-text-editor\" data-id=\"9d2a140\" data-element_type=\"widget\" data-e-type=\"widget\" data-widget_type=\"text-editor.default\">\n\t\t\t\t<div class=\"elementor-widget-container\">\n\t\t\t\t\t\t\t\t\t<p>Im Zentrum der Duchi-Gruppe steht eine solide unternehmerische Vision, die sich im Laufe der Zeit weiterentwickeln kann.<br><strong>Artech S.p.A.<\/strong>, die Holdinggesellschaft der Gruppe, koordiniert zusammen mit den operativen Gesellschaften <strong>Arvin S.r.l. und Artur S.r.l.<\/strong> sorgf\u00e4ltig jede Realit\u00e4t und f\u00f6rdert <strong>Synergien, Innovation und nachhaltiges Wachstum.<\/strong><br>Das Herzst\u00fcck bleibt jedoch eine einfache und starke Idee: <strong>authentische Erlebnisse zu schaffen, die ihre Spuren hinterlassen.<\/strong><\/p>\t\t\t\t\t\t\t\t<\/div>\n\t\t\t\t<\/div>\n\t\t\t\t<\/div>\n\t\t\t\t\t<\/div>\n\t\t\t\t<\/div>\n\t\t\t\t<\/div>\n\t\t","protected":false},"excerpt":{"rendered":"<p>Die Duchi-Welt: Gastfreundschaft, Wein und Italienische Exzellenz Die Duchi-Gruppe ist ein harmonischer Zusammenschluss von Unternehmern, die in den Bereichen gehobene Gastronomie, Feinschmeckerei und Weinproduktion t\u00e4tig sind .Geleitet von einer famili\u00e4ren und gleichzeitig unternehmerischen Vision, zeichnet sich die Gruppe durch einen hervorragenden Service, die Aufwertung des Territoriums und einen erkennbaren Stil aus, der auf Qualit\u00e4t, Eleganz [&hellip;]<\/p>\n","protected":false},"author":1,"featured_media":823,"parent":0,"menu_order":0,"comment_status":"closed","ping_status":"closed","template":"","meta":{"_acf_changed":false,"footnotes":""},"class_list":["post-1062","page","type-page","status-publish","has-post-thumbnail","hentry"],"acf":[],"yoast_head":"<!-- This site is optimized with the Yoast SEO plugin v25.4 - https:\/\/yoast.com\/wordpress\/plugins\/seo\/ -->\n<title>Dukes - Duchi Group<\/title>\n<meta name=\"description\" content=\"Dukes Duchi Group\" \/>\n<meta name=\"robots\" content=\"index, follow, max-snippet:-1, max-image-preview:large, max-video-preview:-1\" \/>\n<link rel=\"canonical\" href=\"https:\/\/duchigroup.it\/de\/duchi\/\" \/>\n<meta property=\"og:locale\" content=\"de_DE\" \/>\n<meta property=\"og:type\" content=\"article\" \/>\n<meta property=\"og:title\" content=\"Dukes - Duchi Group\" \/>\n<meta property=\"og:description\" content=\"Dukes Duchi Group\" \/>\n<meta property=\"og:url\" content=\"https:\/\/duchigroup.it\/de\/duchi\/\" \/>\n<meta property=\"og:site_name\" content=\"Duchi Group\" \/>\n<meta property=\"article:modified_time\" content=\"2025-07-14T13:15:59+00:00\" \/>\n<meta property=\"og:image\" content=\"https:\/\/duchigroup.it\/wp-content\/uploads\/2025\/07\/Navigare-tra-natura-e-lusso-alla-Duchi-Group.webp\" \/>\n\t<meta property=\"og:image:width\" content=\"1920\" \/>\n\t<meta property=\"og:image:height\" content=\"1080\" \/>\n\t<meta property=\"og:image:type\" content=\"image\/webp\" \/>\n<meta name=\"twitter:card\" content=\"summary_large_image\" \/>\n<meta name=\"twitter:label1\" content=\"Gesch\u00e4tzte Lesezeit\" \/>\n\t<meta name=\"twitter:data1\" content=\"2\u00a0Minuten\" \/>\n<script type=\"application\/ld+json\" class=\"yoast-schema-graph\">{\"@context\":\"https:\/\/schema.org\",\"@graph\":[{\"@type\":\"WebPage\",\"@id\":\"https:\/\/duchigroup.it\/de\/duchi\/\",\"url\":\"https:\/\/duchigroup.it\/de\/duchi\/\",\"name\":\"Dukes - Duchi Group\",\"isPartOf\":{\"@id\":\"https:\/\/duchigroup.it\/de\/#website\"},\"primaryImageOfPage\":{\"@id\":\"https:\/\/duchigroup.it\/de\/duchi\/#primaryimage\"},\"image\":{\"@id\":\"https:\/\/duchigroup.it\/de\/duchi\/#primaryimage\"},\"thumbnailUrl\":\"https:\/\/duchigroup.it\/wp-content\/uploads\/2025\/07\/Navigare-tra-natura-e-lusso-alla-Duchi-Group.webp\",\"datePublished\":\"2025-06-26T07:50:01+00:00\",\"dateModified\":\"2025-07-14T13:15:59+00:00\",\"description\":\"Dukes Duchi Group\",\"breadcrumb\":{\"@id\":\"https:\/\/duchigroup.it\/de\/duchi\/#breadcrumb\"},\"inLanguage\":\"de\",\"potentialAction\":[{\"@type\":\"ReadAction\",\"target\":[\"https:\/\/duchigroup.it\/de\/duchi\/\"]}]},{\"@type\":\"ImageObject\",\"inLanguage\":\"de\",\"@id\":\"https:\/\/duchigroup.it\/de\/duchi\/#primaryimage\",\"url\":\"https:\/\/duchigroup.it\/wp-content\/uploads\/2025\/07\/Navigare-tra-natura-e-lusso-alla-Duchi-Group.webp\",\"contentUrl\":\"https:\/\/duchigroup.it\/wp-content\/uploads\/2025\/07\/Navigare-tra-natura-e-lusso-alla-Duchi-Group.webp\",\"width\":1920,\"height\":1080},{\"@type\":\"BreadcrumbList\",\"@id\":\"https:\/\/duchigroup.it\/de\/duchi\/#breadcrumb\",\"itemListElement\":[{\"@type\":\"ListItem\",\"position\":1,\"name\":\"Home\",\"item\":\"https:\/\/duchigroup.it\/de\/\"},{\"@type\":\"ListItem\",\"position\":2,\"name\":\"Dukes\"}]},{\"@type\":\"WebSite\",\"@id\":\"https:\/\/duchigroup.it\/de\/#website\",\"url\":\"https:\/\/duchigroup.it\/de\/\",\"name\":\"Duchi Group\",\"description\":\"\",\"publisher\":{\"@id\":\"https:\/\/duchigroup.it\/de\/#organization\"},\"potentialAction\":[{\"@type\":\"SearchAction\",\"target\":{\"@type\":\"EntryPoint\",\"urlTemplate\":\"https:\/\/duchigroup.it\/de\/?s={search_term_string}\"},\"query-input\":{\"@type\":\"PropertyValueSpecification\",\"valueRequired\":true,\"valueName\":\"search_term_string\"}}],\"inLanguage\":\"de\"},{\"@type\":\"Organization\",\"@id\":\"https:\/\/duchigroup.it\/de\/#organization\",\"name\":\"Duchi Group\",\"url\":\"https:\/\/duchigroup.it\/de\/\",\"logo\":{\"@type\":\"ImageObject\",\"inLanguage\":\"de\",\"@id\":\"https:\/\/duchigroup.it\/de\/#\/schema\/logo\/image\/\",\"url\":\"https:\/\/duchigroup.it\/wp-content\/uploads\/2025\/06\/Logo-DUCHI-GROUP-TR-1.png\",\"contentUrl\":\"https:\/\/duchigroup.it\/wp-content\/uploads\/2025\/06\/Logo-DUCHI-GROUP-TR-1.png\",\"width\":180,\"height\":170,\"caption\":\"Duchi Group\"},\"image\":{\"@id\":\"https:\/\/duchigroup.it\/de\/#\/schema\/logo\/image\/\"}}]}<\/script>\n<!-- \/ Yoast SEO plugin. -->","yoast_head_json":{"title":"Dukes - Duchi Group","description":"Dukes Duchi Group","robots":{"index":"index","follow":"follow","max-snippet":"max-snippet:-1","max-image-preview":"max-image-preview:large","max-video-preview":"max-video-preview:-1"},"canonical":"https:\/\/duchigroup.it\/de\/duchi\/","og_locale":"de_DE","og_type":"article","og_title":"Dukes - Duchi Group","og_description":"Dukes Duchi Group","og_url":"https:\/\/duchigroup.it\/de\/duchi\/","og_site_name":"Duchi Group","article_modified_time":"2025-07-14T13:15:59+00:00","og_image":[{"width":1920,"height":1080,"url":"https:\/\/duchigroup.it\/wp-content\/uploads\/2025\/07\/Navigare-tra-natura-e-lusso-alla-Duchi-Group.webp","type":"image\/webp"}],"twitter_card":"summary_large_image","twitter_misc":{"Gesch\u00e4tzte Lesezeit":"2\u00a0Minuten"},"schema":{"@context":"https:\/\/schema.org","@graph":[{"@type":"WebPage","@id":"https:\/\/duchigroup.it\/de\/duchi\/","url":"https:\/\/duchigroup.it\/de\/duchi\/","name":"Dukes - Duchi Group","isPartOf":{"@id":"https:\/\/duchigroup.it\/de\/#website"},"primaryImageOfPage":{"@id":"https:\/\/duchigroup.it\/de\/duchi\/#primaryimage"},"image":{"@id":"https:\/\/duchigroup.it\/de\/duchi\/#primaryimage"},"thumbnailUrl":"https:\/\/duchigroup.it\/wp-content\/uploads\/2025\/07\/Navigare-tra-natura-e-lusso-alla-Duchi-Group.webp","datePublished":"2025-06-26T07:50:01+00:00","dateModified":"2025-07-14T13:15:59+00:00","description":"Dukes Duchi Group","breadcrumb":{"@id":"https:\/\/duchigroup.it\/de\/duchi\/#breadcrumb"},"inLanguage":"de","potentialAction":[{"@type":"ReadAction","target":["https:\/\/duchigroup.it\/de\/duchi\/"]}]},{"@type":"ImageObject","inLanguage":"de","@id":"https:\/\/duchigroup.it\/de\/duchi\/#primaryimage","url":"https:\/\/duchigroup.it\/wp-content\/uploads\/2025\/07\/Navigare-tra-natura-e-lusso-alla-Duchi-Group.webp","contentUrl":"https:\/\/duchigroup.it\/wp-content\/uploads\/2025\/07\/Navigare-tra-natura-e-lusso-alla-Duchi-Group.webp","width":1920,"height":1080},{"@type":"BreadcrumbList","@id":"https:\/\/duchigroup.it\/de\/duchi\/#breadcrumb","itemListElement":[{"@type":"ListItem","position":1,"name":"Home","item":"https:\/\/duchigroup.it\/de\/"},{"@type":"ListItem","position":2,"name":"Dukes"}]},{"@type":"WebSite","@id":"https:\/\/duchigroup.it\/de\/#website","url":"https:\/\/duchigroup.it\/de\/","name":"Duchi Group","description":"","publisher":{"@id":"https:\/\/duchigroup.it\/de\/#organization"},"potentialAction":[{"@type":"SearchAction","target":{"@type":"EntryPoint","urlTemplate":"https:\/\/duchigroup.it\/de\/?s={search_term_string}"},"query-input":{"@type":"PropertyValueSpecification","valueRequired":true,"valueName":"search_term_string"}}],"inLanguage":"de"},{"@type":"Organization","@id":"https:\/\/duchigroup.it\/de\/#organization","name":"Duchi Group","url":"https:\/\/duchigroup.it\/de\/","logo":{"@type":"ImageObject","inLanguage":"de","@id":"https:\/\/duchigroup.it\/de\/#\/schema\/logo\/image\/","url":"https:\/\/duchigroup.it\/wp-content\/uploads\/2025\/06\/Logo-DUCHI-GROUP-TR-1.png","contentUrl":"https:\/\/duchigroup.it\/wp-content\/uploads\/2025\/06\/Logo-DUCHI-GROUP-TR-1.png","width":180,"height":170,"caption":"Duchi Group"},"image":{"@id":"https:\/\/duchigroup.it\/de\/#\/schema\/logo\/image\/"}}]}},"_links":{"self":[{"href":"https:\/\/duchigroup.it\/de\/wp-json\/wp\/v2\/pages\/1062","targetHints":{"allow":["GET"]}}],"collection":[{"href":"https:\/\/duchigroup.it\/de\/wp-json\/wp\/v2\/pages"}],"about":[{"href":"https:\/\/duchigroup.it\/de\/wp-json\/wp\/v2\/types\/page"}],"author":[{"embeddable":true,"href":"https:\/\/duchigroup.it\/de\/wp-json\/wp\/v2\/users\/1"}],"replies":[{"embeddable":true,"href":"https:\/\/duchigroup.it\/de\/wp-json\/wp\/v2\/comments?post=1062"}],"version-history":[{"count":0,"href":"https:\/\/duchigroup.it\/de\/wp-json\/wp\/v2\/pages\/1062\/revisions"}],"wp:featuredmedia":[{"embeddable":true,"href":"https:\/\/duchigroup.it\/de\/wp-json\/wp\/v2\/media\/823"}],"wp:attachment":[{"href":"https:\/\/duchigroup.it\/de\/wp-json\/wp\/v2\/media?parent=1062"}],"curies":[{"name":"wp","href":"https:\/\/api.w.org\/{rel}","templated":true}]}}